{"id":8496,"date":"2024-02-08T18:44:55","date_gmt":"2024-02-08T17:44:55","guid":{"rendered":"https:\/\/www.sirabel.es\/tiendasirabel\/?post_type=product&#038;p=8496"},"modified":"2024-02-08T18:45:10","modified_gmt":"2024-02-08T17:45:10","slug":"champu-solido-para-cabellos-tenidos-y-de-color","status":"publish","type":"product","link":"https:\/\/www.sirabel.es\/tiendasirabel\/producto\/champu-solido-para-cabellos-tenidos-y-de-color\/","title":{"rendered":"Champ\u00fa s\u00f3lido para cabellos\u00a0te\u00f1idos y de color"},"content":{"rendered":"<p><strong>Champ\u00fa s\u00f3lido para cabellos\u00a0te\u00f1idos y de color<\/strong><\/p>\n","protected":false},"excerpt":{"rendered":"<p><strong>Champ\u00fa s\u00f3lido para cabellos\u00a0te\u00f1idos y de color<\/strong><\/p>\n<p>Contiene<strong>\u00a0panhenol, manteca de cacao, extracto de miel y extracto de alga espirulina.<\/strong><\/p>\n<p>Fragancia\u00a0<strong>Mango<\/strong><\/p>\n<p><strong>Envuelta en film compostable (100% biodegradable)<\/strong><\/p>\n<p><strong>SIN SLS, NI SLES.<\/strong><\/p>\n<p>Peso: 55grs aprox.<\/p>\n","protected":false},"featured_media":8497,"comment_status":"open","ping_status":"closed","template":"","meta":[],"product_brand":[],"product_cat":[103],"product_tag":[1185],"class_list":{"0":"post-8496","1":"product","2":"type-product","3":"status-publish","4":"has-post-thumbnail","6":"product_cat-champus-solidos","7":"product_tag-champu-solido-para-cabellos-tenidos-y-de-color","9":"first","10":"instock","11":"taxable","12":"shipping-taxable","13":"purchasable","14":"product-type-simple"},"jetpack_sharing_enabled":true,"_links":{"self":[{"href":"https:\/\/www.sirabel.es\/tiendasirabel\/wp-json\/wp\/v2\/product\/8496","targetHints":{"allow":["GET"]}}],"collection":[{"href":"https:\/\/www.sirabel.es\/tiendasirabel\/wp-json\/wp\/v2\/product"}],"about":[{"href":"https:\/\/www.sirabel.es\/tiendasirabel\/wp-json\/wp\/v2\/types\/product"}],"replies":[{"embeddable":true,"href":"https:\/\/www.sirabel.es\/tiendasirabel\/wp-json\/wp\/v2\/comments?post=8496"}],"version-history":[{"count":0,"href":"https:\/\/www.sirabel.es\/tiendasirabel\/wp-json\/wp\/v2\/product\/8496\/revisions"}],"wp:featuredmedia":[{"embeddable":true,"href":"https:\/\/www.sirabel.es\/tiendasirabel\/wp-json\/wp\/v2\/media\/8497"}],"wp:attachment":[{"href":"https:\/\/www.sirabel.es\/tiendasirabel\/wp-json\/wp\/v2\/media?parent=8496"}],"wp:term":[{"taxonomy":"product_brand","embeddable":true,"href":"https:\/\/www.sirabel.es\/tiendasirabel\/wp-json\/wp\/v2\/product_brand?post=8496"},{"taxonomy":"product_cat","embeddable":true,"href":"https:\/\/www.sirabel.es\/tiendasirabel\/wp-json\/wp\/v2\/product_cat?post=8496"},{"taxonomy":"product_tag","embeddable":true,"href":"https:\/\/www.sirabel.es\/tiendasirabel\/wp-json\/wp\/v2\/product_tag?post=8496"}],"curies":[{"name":"wp","href":"https:\/\/api.w.org\/{rel}","templated":true}]}}