{"id":8707,"date":"2024-02-09T18:26:57","date_gmt":"2024-02-09T17:26:57","guid":{"rendered":"https:\/\/www.sirabel.es\/tiendasirabel\/?post_type=product&#038;p=8707"},"modified":"2024-02-12T17:01:30","modified_gmt":"2024-02-12T16:01:30","slug":"salvia-blanca-y-ajo","status":"publish","type":"product","link":"https:\/\/www.sirabel.es\/tiendasirabel\/producto\/salvia-blanca-y-ajo\/","title":{"rendered":"Salvia Blanca y Ajo"},"content":{"rendered":"<p>Atado de Hierba &#8211; Salvia Blanca y Ajo<\/p>\n","protected":false},"excerpt":{"rendered":"<p>Los\u00a0Atados de Salvia\u00a0se usan para\u00a0limpiar el aura, antes de meditar o orar por ejemplo.<\/p>\n<p>Son usados con mucha frecuencia para los trabajadores del cuerpo y terapeutas.<\/p>\n<p>Tradicionalmente se usan para\u00a0poder conectarse al mundo espiritual.<\/p>\n<p>La pr\u00e1ctica de quemar estos atados es bastante simple, una concha marina o un taz\u00f3n de cer\u00e1mica, platos de arcilla o vidrio para sostener la salvia ardiente, opcionalmente puede usar una pluma o un abanico para avivar el humo.<\/p>\n<p>Importamos nuestra salvia directamente desde M\u00e9xico.<\/p>\n<p>Estos palitos son enrollados y envueltos a mano individualmente en papel artesanal, para ofrecerle un producto de gran calidad.<\/p>\n","protected":false},"featured_media":9164,"comment_status":"open","ping_status":"closed","template":"","meta":[],"product_brand":[],"product_cat":[460],"product_tag":[1266],"class_list":{"0":"post-8707","1":"product","2":"type-product","3":"status-publish","4":"has-post-thumbnail","6":"product_cat-atados-de-salvia-en-kraft","7":"product_tag-atado-de-hierba-salvia-blanca-y-ajo","9":"first","10":"instock","11":"taxable","12":"shipping-taxable","13":"purchasable","14":"product-type-simple"},"jetpack_sharing_enabled":true,"_links":{"self":[{"href":"https:\/\/www.sirabel.es\/tiendasirabel\/wp-json\/wp\/v2\/product\/8707","targetHints":{"allow":["GET"]}}],"collection":[{"href":"https:\/\/www.sirabel.es\/tiendasirabel\/wp-json\/wp\/v2\/product"}],"about":[{"href":"https:\/\/www.sirabel.es\/tiendasirabel\/wp-json\/wp\/v2\/types\/product"}],"replies":[{"embeddable":true,"href":"https:\/\/www.sirabel.es\/tiendasirabel\/wp-json\/wp\/v2\/comments?post=8707"}],"version-history":[{"count":0,"href":"https:\/\/www.sirabel.es\/tiendasirabel\/wp-json\/wp\/v2\/product\/8707\/revisions"}],"wp:featuredmedia":[{"embeddable":true,"href":"https:\/\/www.sirabel.es\/tiendasirabel\/wp-json\/wp\/v2\/media\/9164"}],"wp:attachment":[{"href":"https:\/\/www.sirabel.es\/tiendasirabel\/wp-json\/wp\/v2\/media?parent=8707"}],"wp:term":[{"taxonomy":"product_brand","embeddable":true,"href":"https:\/\/www.sirabel.es\/tiendasirabel\/wp-json\/wp\/v2\/product_brand?post=8707"},{"taxonomy":"product_cat","embeddable":true,"href":"https:\/\/www.sirabel.es\/tiendasirabel\/wp-json\/wp\/v2\/product_cat?post=8707"},{"taxonomy":"product_tag","embeddable":true,"href":"https:\/\/www.sirabel.es\/tiendasirabel\/wp-json\/wp\/v2\/product_tag?post=8707"}],"curies":[{"name":"wp","href":"https:\/\/api.w.org\/{rel}","templated":true}]}}