{"id":8904,"date":"2024-02-11T13:56:58","date_gmt":"2024-02-11T12:56:58","guid":{"rendered":"https:\/\/www.sirabel.es\/tiendasirabel\/?post_type=product&#038;p=8904"},"modified":"2024-02-26T13:30:27","modified_gmt":"2024-02-26T12:30:27","slug":"petitgrain-y-palo-de-rosa","status":"publish","type":"product","link":"https:\/\/www.sirabel.es\/tiendasirabel\/producto\/petitgrain-y-palo-de-rosa\/","title":{"rendered":"Petitgrain y Palo de rosa"},"content":{"rendered":"<p>Difusor de Varillas con Aceites Esenciales &#8211; Petitgrain y Palo de rosa<\/p>\n","protected":false},"excerpt":{"rendered":"<p>Es un conjunto de difusores de gama alta.<\/p>\n<p>Presentados en una caja con clase, su precio en Sirabel Tienda con referente a la excelente calidad est\u00e1 por debajo de otras marcas equivalentes.<\/p>\n<p>Hecho con orgullo en el Reino Unido en nuestra f\u00e1brica de Sheffield.<\/p>\n<p>Lenta y delicadamente, el aroma subir\u00e1 a lo largo de los palos y llenar\u00e1 cualquier habitaci\u00f3n con una fragancia verdaderamente arom\u00e1tica.<\/p>\n<p>Botellas grandes de 200 ml significan que el aroma puede durar hasta 12 semanas.<\/p>\n<p>Simplemente abra la tapa especial, retire el tap\u00f3n (coloque la tapa) y coloque los palitos de rat\u00e1n en el cuello.<\/p>\n","protected":false},"featured_media":8903,"comment_status":"open","ping_status":"closed","template":"","meta":[],"product_brand":[],"product_cat":[321],"product_tag":[1288],"class_list":{"0":"post-8904","1":"product","2":"type-product","3":"status-publish","4":"has-post-thumbnail","6":"product_cat-difusor-de-varillas-200-ml","7":"product_tag-difusor-de-varillas-con-aceites-esenciales-petitgrain-y-palo-de-rosa","9":"first","10":"instock","11":"taxable","12":"shipping-taxable","13":"purchasable","14":"product-type-simple"},"jetpack_sharing_enabled":true,"_links":{"self":[{"href":"https:\/\/www.sirabel.es\/tiendasirabel\/wp-json\/wp\/v2\/product\/8904","targetHints":{"allow":["GET"]}}],"collection":[{"href":"https:\/\/www.sirabel.es\/tiendasirabel\/wp-json\/wp\/v2\/product"}],"about":[{"href":"https:\/\/www.sirabel.es\/tiendasirabel\/wp-json\/wp\/v2\/types\/product"}],"replies":[{"embeddable":true,"href":"https:\/\/www.sirabel.es\/tiendasirabel\/wp-json\/wp\/v2\/comments?post=8904"}],"version-history":[{"count":0,"href":"https:\/\/www.sirabel.es\/tiendasirabel\/wp-json\/wp\/v2\/product\/8904\/revisions"}],"wp:featuredmedia":[{"embeddable":true,"href":"https:\/\/www.sirabel.es\/tiendasirabel\/wp-json\/wp\/v2\/media\/8903"}],"wp:attachment":[{"href":"https:\/\/www.sirabel.es\/tiendasirabel\/wp-json\/wp\/v2\/media?parent=8904"}],"wp:term":[{"taxonomy":"product_brand","embeddable":true,"href":"https:\/\/www.sirabel.es\/tiendasirabel\/wp-json\/wp\/v2\/product_brand?post=8904"},{"taxonomy":"product_cat","embeddable":true,"href":"https:\/\/www.sirabel.es\/tiendasirabel\/wp-json\/wp\/v2\/product_cat?post=8904"},{"taxonomy":"product_tag","embeddable":true,"href":"https:\/\/www.sirabel.es\/tiendasirabel\/wp-json\/wp\/v2\/product_tag?post=8904"}],"curies":[{"name":"wp","href":"https:\/\/api.w.org\/{rel}","templated":true}]}}